{"id":9188,"date":"2023-01-15T21:02:08","date_gmt":"2023-01-15T20:02:08","guid":{"rendered":"https:\/\/www.pierrefeuilleciseaux.com\/?page_id=9188"},"modified":"2023-01-15T21:03:04","modified_gmt":"2023-01-15T20:03:04","slug":"ressources-pour-ateliers-gabarits-permanents","status":"publish","type":"page","link":"https:\/\/www.pierrefeuilleciseaux.com\/en\/ressources-pour-ateliers-gabarits-permanents\/","title":{"rendered":"Ressources pour ateliers | gabarits permanents"},"content":{"rendered":"\n<p><strong>Ressources pour ateliers | gabarits permanents<\/strong><br>\u2022 8 gabarits de pr\u00e9-compositions de pages au format PDF : <strong><a rel=\"noreferrer noopener\" href=\"https:\/\/drive.google.com\/drive\/folders\/1JpnQkO0ivTabl3YE1jYX0o89neccTbwJ?usp=share_link\" target=\"_blank\">t\u00e9l\u00e9charger les 8 fichiers PDF.<\/a><\/strong><br> <\/p>\n","protected":false},"excerpt":{"rendered":"<p>Ressources pour ateliers | gabarits permanents\u2022 8 gabarits de pr\u00e9-compositions de pages au format PDF : t\u00e9l\u00e9charger les 8 fichiers PDF.<\/p>\n","protected":false},"author":4,"featured_media":0,"parent":0,"menu_order":0,"comment_status":"closed","ping_status":"closed","template":"","meta":{"footnotes":""},"class_list":["post-9188","page","type-page","status-publish","hentry"],"_links":{"self":[{"href":"https:\/\/www.pierrefeuilleciseaux.com\/en\/wp-json\/wp\/v2\/pages\/9188","targetHints":{"allow":["GET"]}}],"collection":[{"href":"https:\/\/www.pierrefeuilleciseaux.com\/en\/wp-json\/wp\/v2\/pages"}],"about":[{"href":"https:\/\/www.pierrefeuilleciseaux.com\/en\/wp-json\/wp\/v2\/types\/page"}],"author":[{"embeddable":true,"href":"https:\/\/www.pierrefeuilleciseaux.com\/en\/wp-json\/wp\/v2\/users\/4"}],"replies":[{"embeddable":true,"href":"https:\/\/www.pierrefeuilleciseaux.com\/en\/wp-json\/wp\/v2\/comments?post=9188"}],"version-history":[{"count":2,"href":"https:\/\/www.pierrefeuilleciseaux.com\/en\/wp-json\/wp\/v2\/pages\/9188\/revisions"}],"predecessor-version":[{"id":9198,"href":"https:\/\/www.pierrefeuilleciseaux.com\/en\/wp-json\/wp\/v2\/pages\/9188\/revisions\/9198"}],"wp:attachment":[{"href":"https:\/\/www.pierrefeuilleciseaux.com\/en\/wp-json\/wp\/v2\/media?parent=9188"}],"curies":[{"name":"wp","href":"https:\/\/api.w.org\/{rel}","templated":true}]}}