{"id":8379,"date":"2019-12-02T18:59:19","date_gmt":"2019-12-02T17:59:19","guid":{"rendered":"http:\/\/www.pierrefeuilleciseaux.com\/?page_id=8379"},"modified":"2019-12-02T18:59:19","modified_gmt":"2019-12-02T17:59:19","slug":"kitpresse","status":"publish","type":"page","link":"https:\/\/www.pierrefeuilleciseaux.com\/en\/kitpresse\/","title":{"rendered":"(Fran\u00e7ais) Dossier d&#8217;images \u00e0 destination des m\u00e9dias\/presse\/etc"},"content":{"rendered":"<p class=\"qtranxs-available-languages-message qtranxs-available-languages-message-en\">Sorry, this entry is only available in <a href=\"https:\/\/www.pierrefeuilleciseaux.com\/fr\/wp-json\/wp\/v2\/pages\/8379\" class=\"qtranxs-available-language-link qtranxs-available-language-link-fr\" title=\"Fran\u00e7ais\">Fran\u00e7ais<\/a>.<\/p>","protected":false},"excerpt":{"rendered":"<p>Sorry, this entry is only available in Fran\u00e7ais.<\/p>\n","protected":false},"author":4,"featured_media":0,"parent":0,"menu_order":0,"comment_status":"closed","ping_status":"closed","template":"","meta":{"footnotes":""},"class_list":["post-8379","page","type-page","status-publish","hentry"],"_links":{"self":[{"href":"https:\/\/www.pierrefeuilleciseaux.com\/en\/wp-json\/wp\/v2\/pages\/8379","targetHints":{"allow":["GET"]}}],"collection":[{"href":"https:\/\/www.pierrefeuilleciseaux.com\/en\/wp-json\/wp\/v2\/pages"}],"about":[{"href":"https:\/\/www.pierrefeuilleciseaux.com\/en\/wp-json\/wp\/v2\/types\/page"}],"author":[{"embeddable":true,"href":"https:\/\/www.pierrefeuilleciseaux.com\/en\/wp-json\/wp\/v2\/users\/4"}],"replies":[{"embeddable":true,"href":"https:\/\/www.pierrefeuilleciseaux.com\/en\/wp-json\/wp\/v2\/comments?post=8379"}],"version-history":[{"count":2,"href":"https:\/\/www.pierrefeuilleciseaux.com\/en\/wp-json\/wp\/v2\/pages\/8379\/revisions"}],"predecessor-version":[{"id":8382,"href":"https:\/\/www.pierrefeuilleciseaux.com\/en\/wp-json\/wp\/v2\/pages\/8379\/revisions\/8382"}],"wp:attachment":[{"href":"https:\/\/www.pierrefeuilleciseaux.com\/en\/wp-json\/wp\/v2\/media?parent=8379"}],"curies":[{"name":"wp","href":"https:\/\/api.w.org\/{rel}","templated":true}]}}