{"id":2489,"date":"2010-06-08T16:28:12","date_gmt":"2010-06-08T14:28:12","guid":{"rendered":"http:\/\/www.pierrefeuilleciseaux.com\/?page_id=530"},"modified":"2023-03-31T10:28:33","modified_gmt":"2023-03-31T08:28:33","slug":"l-oubapo","status":"publish","type":"page","link":"https:\/\/www.pierrefeuilleciseaux.com\/en\/l-oubapo\/","title":{"rendered":"OuBaPo : what it is ?"},"content":{"rendered":"<p><em>&#8220;Oubapiens are rats which have to build the labyrinth of which they suggest going out.&#8221;<\/em><\/p>\n<p>Acronym of <em><strong>Ou<\/strong>vroir de <strong>Ba<\/strong>nde dessin\u00e9e <strong>Po<\/strong>tentielle<\/em>, the OuBaPo was established in November, 1992 within the Ou-X-Po and through the publishing house <em>L&#8217;Association<\/em>. This committee creates comic strips under voluntary artistic constraint in the style of the OuLiPo, <em>Ouvroir de Litt\u00e9rature Potentielle<\/em>, introduced by Raymond Queneau and Fran\u00e7ois Le Lyonnais at the end of the 50&#8217;s.<\/p>\n<p>During the first working session at the beginning of 1993, the group is formed of Fran\u00e7ois Ayroles, Anne Baraou, Gilles Ciment, Jochen Gerner, Thierry Groensteen, Patrice Killoffer, \u00c9tienne L\u00e9croart, Jean-Christophe Menu and Lewis Trondheim. Groensteen tells to want to leave it in 1999, in disagreement at the same time with the politic at that time, more turned to the performances than the publications, and with the allegiance of the movement at L&#8217;Association, but also and especially because he did not feel the soul of a formal creator. We shall note that in the OuBaPo, as in the OuLiPo and in all OuXPo, it is possible not to participate any more in an ouvroir, but it is not possible either to leave it, or to be excluded from it (in reaction to the controversies of the evictions deafening of the surrealist movement decreed by Breton Andr\u00e9, and that Raymond Queneau, CEO and founder of the OuLiPo, and ex-brother-in-law of Breton lived).<\/p>\n<p>Also collaborated in Oupus or published stamped books &#8220;Oubapo&#8221;: Stanislas Barth\u00e9l\u00e9my, Denis Bourdaud, Philippe Coudray, Emmanuel Guibert, Matt Konture, Axel Renaux, Vincent Sardon, Joann Sfar, Tanitoc, Jean-Michel Thiriet, the swiss Ibn Al Rabin, Alex Baladi, Andr\u00e9as K\u00fcndig, spanish Sergio Garcia. An American ouvroir exists also piloted by Matt Madden.<\/p>\n<ul>\n<li><a href=\"http:\/\/www.pierrefeuilleciseaux.com\/wp-content\/uploads\/2010\/06\/OUBAPO-C.jpg\"><img loading=\"lazy\" decoding=\"async\" title=\"OUBAPO C\" src=\"http:\/\/www.pierrefeuilleciseaux.com\/wp-content\/uploads\/2010\/06\/OUBAPO-C-206x300.jpg\" alt=\"\" width=\"206\" height=\"300\" \/><\/a><\/li>\n<li><a href=\"http:\/\/www.pierrefeuilleciseaux.com\/wp-content\/uploads\/2010\/06\/OUBAPO-E.jpg\"><img loading=\"lazy\" decoding=\"async\" title=\"OUBAPO E\" src=\"http:\/\/www.pierrefeuilleciseaux.com\/wp-content\/uploads\/2010\/06\/OUBAPO-E-300x297.jpg\" alt=\"\" width=\"300\" height=\"297\" \/><\/a><\/li>\n<\/ul>\n<p>We can define a little better which are the formal constraints that stand out the authors in the realization of an album upon character OuBaPien. A first classification of the constraints was made and published in the first one Oupus by Thierry Groensteen in 1997 and is entitled <em>Un premier bouquet de contraintes<\/em>. The constraints can be distinguished in generative constraints and transformer ones..<\/p>\n<ul>\n<li><strong>Reduction : <\/strong>A book or comic summarized in very few panels.<\/li>\n<li><strong>Reversibility :<\/strong> A comic that can be read back to front.<\/li>\n<li><strong> Iconic Alliteration :<\/strong> The same drawing reproduced throughout the whole comic with only the words changing.<br \/>\nEtc.<\/li>\n<\/ul>\n<p>An work of oubapo can not be limited to a precise constraint but in this spirit to mix several types of different constraints.<\/p>\n<p>We realize that these constraints, whatever they are, are very difficult to set up and ask for a lot of imagination on behalf of the authors, for this to create a comic strip not only &#8221; in constraints &#8221; strong on a technical plan but telling a real story. The proposed list is not exhaustive of course because potentially unlimited as long as the imagination of the authors does not dry up.<\/p>\n<p>Artistic value and intellectual interest: to judge productions of oubapo according to the usual aesthetic criteria is ineffective. Indeed, based sometimes on very strong constraints, they often seem forced, and seemed to be more on the stylistic composition or the entertainment (what appears even more with the foldings) that on the work. Beyond the &#8221; wholesome critic of the naive ideology of the expression and the inspiration &#8220;, their contribution in the comic strip is nevertheless real, so much they &#8220;make feel how much a comic strip is an organic totality, among which the various ingredients and the parameters are taken in a tight network of mutual determinations.&#8221;<\/p>\n<p>Thierry Groensteen finds three main contributions: by underestimating the importance of the drawing, in the graphic reinterpr\u00e9tations or the comic strips without drawings, the OuBaPo reminds at the same time that the essence of the comic strip is not in the representation but in &#8220;the space agency of the multiframe, surrounded by a sequential speech&#8221; and that texts and drawings are totally interdependent ; by manhandling the homogeneity of the style, &#8220;Oubapo participates in the advent of a wide open conception of the comic strip&#8221;; the exercises\u00a0 of the pluri-readability &#8220;encourage translineary readings&#8221; and less conventional approaches of the story, while reminding the importance of the sequentiality.<\/p>\n<p>Four <em>Oupus<\/em> were published, browsing the diverse researches, to which are added the individual works of its members and sympathizers<em> (see bibliography below)<\/em>.<\/p>\n<blockquote><\/blockquote>\n<ul>\n<li><a href=\"http:\/\/www.pierrefeuilleciseaux.com\/wp-content\/uploads\/2010\/06\/OUBAPO-A.jpg\"><img decoding=\"async\" title=\"OUBAPO A\" src=\"http:\/\/www.pierrefeuilleciseaux.com\/wp-content\/uploads\/2010\/06\/OUBAPO-A-299x300.jpg\" alt=\"\" height=\"207\" \/><\/a><\/li>\n<li><a href=\"http:\/\/www.pierrefeuilleciseaux.com\/wp-content\/uploads\/2010\/06\/OUBAPO-B.jpg\"><img loading=\"lazy\" decoding=\"async\" title=\"OUBAPO B\" src=\"http:\/\/www.pierrefeuilleciseaux.com\/wp-content\/uploads\/2010\/06\/OUBAPO-B-300x207.jpg\" alt=\"\" width=\"300\" height=\"207\" \/><\/a><\/li>\n<\/ul>\n<h3>OuBaPo bibliography :<\/h3>\n<ul>\n<li><em>Oupus<\/em> 1, 2, 3 et 4 (L&#8217;Association) : the few cofounders and their first collaborators presents a few works, with full explanations about each new constraint&#8230;<\/li>\n<li><em>Ratatouille<\/em>, by \u00c9tienne L\u00e9croart (Seuil, 1999)<\/li>\n<li><em>Cercle Vicieux<\/em>, by \u00c9tienne L\u00e9croart (L&#8217;Association, 2000)<\/li>\n<li><em>Le Cycle<\/em>, by \u00c9tienne L\u00e9croart (L&#8217;Association, 2003)<\/li>\n<li><em>Le Dormeur<\/em>,\u00a0by Lewis Trondheim (Cornelius)<\/li>\n<li><em>Moins d&#8217;un Quart de Seconde pour Vivre<\/em>,\u00a0by Lewis Trondheim and J-C Menu (L&#8217;Association)<\/li>\n<li><em>Les Aventures de Julius-Corentin Acquefacques<\/em>,\u00a0by Marc-Antoine Mathieu (Delcourt)<\/li>\n<li><em>Jean qui Rit, Jean qui Pleure<\/em>,\u00a0by Fran\u00e7ois Ayroles (L&#8217;Association)<\/li>\n<li><em>Nogegon<\/em>,\u00a0by Luc and Fran\u00e7ois Schuiten<\/li>\n<li><em>TNT en Am\u00e9rique<\/em>,\u00a0by Jochen Gerner (L&#8217;Ampoule)<\/li>\n<li><em>La Nouvelle Pornographie<\/em>,\u00a0by Lewis Trondheim (L&#8217;Association)<\/li>\n<li><em>Les Trois Chemins<\/em>,\u00a0by Lewis Trondheim and Sergio Garcia (Delcourt)<\/li>\n<li><em>Les Penseurs<\/em>, by Fran\u00e7ois Ayroles (L&#8217;Association)<\/li>\n<li><em>Les Parleurs<\/em>, by Fran\u00e7ois Ayroles (L&#8217;Association)<\/li>\n<li><em>Coquet\u00e8le<\/em>, d&#8217;Anne Baraou by Vincent Sardon (L&#8217;Association, 2002)<\/li>\n<li><em>Morphologie Variable<\/em>, by St\u00e9phane Blanquet (L&#8217;Association, 2001)<\/li>\n<li><em>Comique Trip<\/em>, by Beno\u00eet Jacques (Beno\u00eet Jacques Books, 2001)<\/li>\n<\/ul>\n<p><\/p>","protected":false},"excerpt":{"rendered":"<p>&#8220;Oubapiens are rats which have to build the labyrinth of which they suggest going out.&#8221; Acronym of Ouvroir de Bande dessin\u00e9e Potentielle, the OuBaPo was established in November, 1992 within the Ou-X-Po and through the publishing house L&#8217;Association. This committee creates comic strips under voluntary artistic constraint in the style of the OuLiPo, Ouvroir de [&hellip;]<\/p>\n","protected":false},"author":17,"featured_media":0,"parent":0,"menu_order":8,"comment_status":"open","ping_status":"closed","template":"","meta":{"footnotes":""},"class_list":["post-2489","page","type-page","status-publish","hentry"],"_links":{"self":[{"href":"https:\/\/www.pierrefeuilleciseaux.com\/en\/wp-json\/wp\/v2\/pages\/2489","targetHints":{"allow":["GET"]}}],"collection":[{"href":"https:\/\/www.pierrefeuilleciseaux.com\/en\/wp-json\/wp\/v2\/pages"}],"about":[{"href":"https:\/\/www.pierrefeuilleciseaux.com\/en\/wp-json\/wp\/v2\/types\/page"}],"author":[{"embeddable":true,"href":"https:\/\/www.pierrefeuilleciseaux.com\/en\/wp-json\/wp\/v2\/users\/17"}],"replies":[{"embeddable":true,"href":"https:\/\/www.pierrefeuilleciseaux.com\/en\/wp-json\/wp\/v2\/comments?post=2489"}],"version-history":[{"count":5,"href":"https:\/\/www.pierrefeuilleciseaux.com\/en\/wp-json\/wp\/v2\/pages\/2489\/revisions"}],"predecessor-version":[{"id":9222,"href":"https:\/\/www.pierrefeuilleciseaux.com\/en\/wp-json\/wp\/v2\/pages\/2489\/revisions\/9222"}],"wp:attachment":[{"href":"https:\/\/www.pierrefeuilleciseaux.com\/en\/wp-json\/wp\/v2\/media?parent=2489"}],"curies":[{"name":"wp","href":"https:\/\/api.w.org\/{rel}","templated":true}]}}